{"id":75,"date":"2019-07-05T01:30:44","date_gmt":"2019-07-05T01:30:44","guid":{"rendered":"https:\/\/www.sabestudo.com\/?page_id=75"},"modified":"2020-04-05T19:45:31","modified_gmt":"2020-04-05T19:45:31","slug":"%ec%b1%85-%ec%b9%b4%ed%85%8c%ea%b3%a0%eb%a6%ac","status":"publish","type":"page","link":"https:\/\/v2al4.com\/ko\/book-categories\/","title":{"rendered":"\ucc45 \uce74\ud14c\uace0\ub9ac"},"content":{"rendered":"","protected":false},"excerpt":{"rendered":"","protected":false},"author":1,"featured_media":0,"parent":0,"menu_order":0,"comment_status":"closed","ping_status":"closed","template":"template-product-categories.php","meta":{"_acf_changed":false,"advanced_seo_description":"","jetpack_seo_html_title":"","jetpack_seo_noindex":false,"footnotes":""},"class_list":["post-75","page","type-page","status-publish","hentry"],"acf":[],"jetpack_likes_enabled":false,"jetpack_sharing_enabled":true,"jetpack_shortlink":"https:\/\/wp.me\/PgvtYe-1d","jetpack-related-posts":[{"id":326,"url":"https:\/\/v2al4.com\/ko\/book-publishers\/","url_meta":{"origin":75,"position":0},"title":"Book publishers","author":"V2AL4\u00ae\ufe0e","date":"05\/04\/2020","format":false,"excerpt":"","rel":"","context":"\uc720\uc0ac\ud55c \uae00","block_context":{"text":"\uc720\uc0ac\ud55c \uae00","link":""},"img":{"alt_text":"","src":"","width":0,"height":0},"classes":[]},{"id":38,"url":"https:\/\/v2al4.com\/ko\/book-authors\/","url_meta":{"origin":75,"position":1},"title":"Book Authors","author":"V2AL4\u00ae\ufe0e","date":"05\/07\/2019","format":false,"excerpt":"Browse some of our favorite authors. Don\u2019t see your favs? Come back later, more authors will be added soon.","rel":"","context":"\uc720\uc0ac\ud55c \uae00","block_context":{"text":"\uc720\uc0ac\ud55c \uae00","link":""},"img":{"alt_text":"","src":"","width":0,"height":0},"classes":[]},{"id":4272,"url":"https:\/\/v2al4.com\/ko\/afiliado-supremo\/","url_meta":{"origin":75,"position":2},"title":"Afiliado Supremo &#8211; Descubra Como Ganhar a Vida Online Usando o Real Poder do Marketing de Afiliados","author":"V2AL4\u00ae\ufe0e","date":"24\/12\/2023","format":false,"excerpt":"Descubra como ganhar a vida online usando o real poder do marketing de afiliados OBTER ACESSO IMEDIATO CONFIRA ABAIXO\u00a0\u00a0TUDO O QUE VOC\u00ca IR\u00c1 APRENDER \u00a0NESTE E-BOOK: O que \u00e9 e como funciona o marketing de afiliados; Como encontrar os melhores produtos para promover; Como construir uma lista de e-mails poderosa\u2026","rel":"","context":"\uc720\uc0ac\ud55c \uae00","block_context":{"text":"\uc720\uc0ac\ud55c \uae00","link":""},"img":{"alt_text":"","src":"https:\/\/i0.wp.com\/v2al4.com\/wp-content\/uploads\/2023\/12\/imagem-01-afiliado-supremo-1.png?resize=350%2C200&ssl=1","width":350,"height":200,"srcset":"https:\/\/i0.wp.com\/v2al4.com\/wp-content\/uploads\/2023\/12\/imagem-01-afiliado-supremo-1.png?resize=350%2C200&ssl=1 1x, https:\/\/i0.wp.com\/v2al4.com\/wp-content\/uploads\/2023\/12\/imagem-01-afiliado-supremo-1.png?resize=525%2C300&ssl=1 1.5x"},"classes":[]},{"id":5957,"url":"https:\/\/v2al4.com\/ko\/tiktok-marketing\/","url_meta":{"origin":75,"position":3},"title":"TikTok Marketing","author":"V2AL4\u00ae\ufe0e","date":"29\/12\/2023","format":false,"excerpt":"\u00a0Influencer Digital em 30 Dias:\u00a0 Desbloqueie seu Potencial Online com um Guia Passo a Passo que Revela Estrat\u00e9gias de Crescimento e Monetiza\u00e7\u00e3o no TikTok! Voc\u00ea precisa conhecer bem o TikTok se quiser ganhar dinheiro com ele. Em mar\u00e7o de 2022, havia mais de 2 bilh\u00f5es de instala\u00e7\u00f5es do TikTok. Aqui\u2026","rel":"","context":"\uc720\uc0ac\ud55c \uae00","block_context":{"text":"\uc720\uc0ac\ud55c \uae00","link":""},"img":{"alt_text":"","src":"https:\/\/i0.wp.com\/v2al4.com\/wp-content\/uploads\/2023\/12\/capa-ebook-1.png?resize=350%2C200&ssl=1","width":350,"height":200,"srcset":"https:\/\/i0.wp.com\/v2al4.com\/wp-content\/uploads\/2023\/12\/capa-ebook-1.png?resize=350%2C200&ssl=1 1x, https:\/\/i0.wp.com\/v2al4.com\/wp-content\/uploads\/2023\/12\/capa-ebook-1.png?resize=525%2C300&ssl=1 1.5x"},"classes":[]},{"id":4528,"url":"https:\/\/v2al4.com\/ko\/influencer-online\/","url_meta":{"origin":75,"position":4},"title":"Influencer Digital &#8211; Desbloqueie Seu Potencial Online Com um Guia Passo a Passo Que Revela Estrat\u00e9gias de Crescimento e Monetiza\u00e7\u00e3o nas Redes Sociais","author":"V2AL4\u00ae\ufe0e","date":"26\/12\/2023","format":false,"excerpt":"\u00a0Influencer Digital em 30 Dias:\u00a0 Desbloqueie seu Potencial Online com um Guia Passo a Passo que Revela Estrat\u00e9gias de Crescimento e Monetiza\u00e7\u00e3o nas redes sociais Como escolher seu nicho corretamente Como se tornar influencer no Instagram Como se tornar influencer no Youtube Como se tornar influencer no Tiktok E muito\u2026","rel":"","context":"\uc720\uc0ac\ud55c \uae00","block_context":{"text":"\uc720\uc0ac\ud55c \uae00","link":""},"img":{"alt_text":"","src":"https:\/\/i0.wp.com\/v2al4.com\/wp-content\/uploads\/2023\/12\/PLR-Influencer.png?resize=350%2C200&ssl=1","width":350,"height":200,"srcset":"https:\/\/i0.wp.com\/v2al4.com\/wp-content\/uploads\/2023\/12\/PLR-Influencer.png?resize=350%2C200&ssl=1 1x, https:\/\/i0.wp.com\/v2al4.com\/wp-content\/uploads\/2023\/12\/PLR-Influencer.png?resize=525%2C300&ssl=1 1.5x"},"classes":[]},{"id":5648,"url":"https:\/\/v2al4.com\/ko\/freelancer-de-sucesso\/","url_meta":{"origin":75,"position":5},"title":"Freelancer de Sucesso &#8211; Um Guia Completo Para Iniciantes Que Desejam Aprender os Segredos Para se Tornar um Freelancer de Sucesso","author":"V2AL4\u00ae\ufe0e","date":"29\/12\/2023","format":false,"excerpt":"\u00a0ATEN\u00c7\u00c3O: \u00a0Voc\u00ea Que Aprender Mais Sobre O Mercado De Freelancer? Um Guia Completo Para Iniciantes que Desejam Aprender Os Segredos Para Se Tornar Um\u00a0 Freelancer de Sucesso.\u00a0 Qualquer pessoa pode usar isso para aumentar seu conhecimento sobre o assunto; Voc\u00ea n\u00e3o precisa mais se esfor\u00e7ar para aprender os pr\u00f3s e\u2026","rel":"","context":"\uc720\uc0ac\ud55c \uae00","block_context":{"text":"\uc720\uc0ac\ud55c \uae00","link":""},"img":{"alt_text":"","src":"https:\/\/i0.wp.com\/v2al4.com\/wp-content\/uploads\/2023\/12\/freelancer-de-sucesso-1.png?resize=350%2C200&ssl=1","width":350,"height":200,"srcset":"https:\/\/i0.wp.com\/v2al4.com\/wp-content\/uploads\/2023\/12\/freelancer-de-sucesso-1.png?resize=350%2C200&ssl=1 1x, https:\/\/i0.wp.com\/v2al4.com\/wp-content\/uploads\/2023\/12\/freelancer-de-sucesso-1.png?resize=525%2C300&ssl=1 1.5x"},"classes":[]}],"_links":{"self":[{"href":"https:\/\/v2al4.com\/ko\/wp-json\/wp\/v2\/pages\/75","targetHints":{"allow":["GET"]}}],"collection":[{"href":"https:\/\/v2al4.com\/ko\/wp-json\/wp\/v2\/pages"}],"about":[{"href":"https:\/\/v2al4.com\/ko\/wp-json\/wp\/v2\/types\/page"}],"author":[{"embeddable":true,"href":"https:\/\/v2al4.com\/ko\/wp-json\/wp\/v2\/users\/1"}],"replies":[{"embeddable":true,"href":"https:\/\/v2al4.com\/ko\/wp-json\/wp\/v2\/comments?post=75"}],"version-history":[{"count":3,"href":"https:\/\/v2al4.com\/ko\/wp-json\/wp\/v2\/pages\/75\/revisions"}],"predecessor-version":[{"id":325,"href":"https:\/\/v2al4.com\/ko\/wp-json\/wp\/v2\/pages\/75\/revisions\/325"}],"wp:attachment":[{"href":"https:\/\/v2al4.com\/ko\/wp-json\/wp\/v2\/media?parent=75"}],"curies":[{"name":"wp","href":"https:\/\/api.w.org\/{rel}","templated":true}]}}