{"id":18,"date":"2019-07-05T00:34:17","date_gmt":"2019-07-05T00:34:17","guid":{"rendered":"https:\/\/www.sabestudo.com\/my-account\/"},"modified":"2019-07-05T00:34:17","modified_gmt":"2019-07-05T00:34:17","slug":"%e6%88%91%e7%9a%84%e8%b4%a6%e6%88%b7-2","status":"publish","type":"page","link":"https:\/\/v2al4.com\/zh\/my-account\/","title":{"rendered":"\u6211\u7684\u5e10\u6237"},"content":{"rendered":"<div class=\"woocommerce\"><\/div>","protected":false},"excerpt":{"rendered":"","protected":false},"author":1,"featured_media":0,"parent":0,"menu_order":0,"comment_status":"closed","ping_status":"closed","template":"","meta":{"_acf_changed":false,"advanced_seo_description":"","jetpack_seo_html_title":"","jetpack_seo_noindex":false,"footnotes":""},"class_list":["post-18","page","type-page","status-publish","hentry"],"acf":[],"jetpack_likes_enabled":false,"jetpack_sharing_enabled":true,"jetpack_shortlink":"https:\/\/wp.me\/PgvtYe-i","jetpack-related-posts":[{"id":853,"url":"https:\/\/v2al4.com\/zh\/account\/","url_meta":{"origin":18,"position":0},"title":"My Account","author":"V2AL4\u00ae\ufe0e","date":"28\/11\/2023","format":false,"excerpt":"","rel":"","context":"\u7c7b\u4f3c\u6587\u7ae0","block_context":{"text":"\u7c7b\u4f3c\u6587\u7ae0","link":""},"img":{"alt_text":"","src":"","width":0,"height":0},"classes":[]},{"id":405,"url":"https:\/\/v2al4.com\/zh\/my-wishlist\/","url_meta":{"origin":18,"position":1},"title":"My Wishlist","author":"V2AL4\u00ae\ufe0e","date":"15\/08\/2020","format":false,"excerpt":"","rel":"","context":"\u7c7b\u4f3c\u6587\u7ae0","block_context":{"text":"\u7c7b\u4f3c\u6587\u7ae0","link":""},"img":{"alt_text":"","src":"","width":0,"height":0},"classes":[]},{"id":854,"url":"https:\/\/v2al4.com\/zh\/my-profile\/","url_meta":{"origin":18,"position":2},"title":"My Profile","author":"V2AL4\u00ae\ufe0e","date":"28\/11\/2023","format":false,"excerpt":"","rel":"","context":"\u7c7b\u4f3c\u6587\u7ae0","block_context":{"text":"\u7c7b\u4f3c\u6587\u7ae0","link":""},"img":{"alt_text":"","src":"","width":0,"height":0},"classes":[]},{"id":2,"url":"https:\/\/v2al4.com\/zh\/sample-page\/","url_meta":{"origin":18,"position":3},"title":"Sample Page","author":"V2AL4\u00ae\ufe0e","date":"04\/07\/2019","format":false,"excerpt":"This is an example page. It's different from a blog post because it will stay in one place and will show up in your site navigation (in most themes). Most people start with an About page that introduces them to potential site visitors. It might say something like this: Hi\u2026","rel":"","context":"\u7c7b\u4f3c\u6587\u7ae0","block_context":{"text":"\u7c7b\u4f3c\u6587\u7ae0","link":""},"img":{"alt_text":"","src":"","width":0,"height":0},"classes":[]},{"id":712,"url":"https:\/\/v2al4.com\/zh\/full-width-example\/","url_meta":{"origin":18,"position":4},"title":"Full Width Example","author":"V2AL4\u00ae\ufe0e","date":"14\/06\/2022","format":false,"excerpt":"This is an example page. It's different from a blog post because it will stay in one place and will show up in your site navigation (in most themes). Most people start with an About page that introduces them to potential site visitors. It might say something like this: Hi\u2026","rel":"","context":"\u7c7b\u4f3c\u6587\u7ae0","block_context":{"text":"\u7c7b\u4f3c\u6587\u7ae0","link":""},"img":{"alt_text":"","src":"","width":0,"height":0},"classes":[]},{"id":2109,"url":"https:\/\/v2al4.com\/zh\/design-e-edicao-photo-smart-fotos-lucrativas\/","url_meta":{"origin":18,"position":5},"title":"Design e Edi\u00e7\u00e3o &#8211; Photo Smart Fotos Lucrativas","author":"V2AL4\u00ae\ufe0e","date":"11\/12\/2023","format":false,"excerpt":"DESCUBRA O SEGREDO PARA A EXPLOS\u00c3O DE VENDAS DE PRODUTOS NA INTERNET! SEU LUCRO VAI AUMENTAR COMO VOC\u00ca NUNCA VIU! <h2>Aprenda O passo a passo que eu criei na minha ag\u00eancia para fazer fotos incr\u00edveis para os produtos de meus clientes E que me fazem lucrar de R$ 7k a\u2026","rel":"","context":"\u7c7b\u4f3c\u6587\u7ae0","block_context":{"text":"\u7c7b\u4f3c\u6587\u7ae0","link":""},"img":{"alt_text":"","src":"https:\/\/i0.wp.com\/v2al4.com\/wp-content\/uploads\/2023\/12\/033-promote-2.png?resize=350%2C200&ssl=1","width":350,"height":200},"classes":[]}],"_links":{"self":[{"href":"https:\/\/v2al4.com\/zh\/wp-json\/wp\/v2\/pages\/18","targetHints":{"allow":["GET"]}}],"collection":[{"href":"https:\/\/v2al4.com\/zh\/wp-json\/wp\/v2\/pages"}],"about":[{"href":"https:\/\/v2al4.com\/zh\/wp-json\/wp\/v2\/types\/page"}],"author":[{"embeddable":true,"href":"https:\/\/v2al4.com\/zh\/wp-json\/wp\/v2\/users\/1"}],"replies":[{"embeddable":true,"href":"https:\/\/v2al4.com\/zh\/wp-json\/wp\/v2\/comments?post=18"}],"version-history":[{"count":0,"href":"https:\/\/v2al4.com\/zh\/wp-json\/wp\/v2\/pages\/18\/revisions"}],"wp:attachment":[{"href":"https:\/\/v2al4.com\/zh\/wp-json\/wp\/v2\/media?parent=18"}],"curies":[{"name":"wp","href":"https:\/\/api.w.org\/{rel}","templated":true}]}}